{"id":3,"date":"2023-06-15T09:47:17","date_gmt":"2023-06-15T09:47:17","guid":{"rendered":"https:\/\/beratung.vamtam.com\/?page_id=3"},"modified":"2024-05-11T21:19:30","modified_gmt":"2024-05-11T18:19:30","slug":"politica-de-privacidad","status":"publish","type":"page","link":"https:\/\/atlantika.com.tr\/es\/politica-de-privacidad\/","title":{"rendered":"Pol\u00edtica de Privacidad"},"content":{"rendered":"\t\t<div data-elementor-type=\"wp-page\" data-elementor-id=\"3\" class=\"elementor elementor-3\">\n\t\t\t\t\t\t\t\t\t<section class=\"elementor-section elementor-top-section elementor-element elementor-element-131db5f elementor-section-full_width elementor-section-content-middle elementor-section-height-default elementor-section-height-default\" data-id=\"131db5f\" data-element_type=\"section\">\n\t\t\t\t\t\t<div class=\"elementor-container elementor-column-gap-no\">\n\t\t\t\t\t<div class=\"elementor-column elementor-col-100 elementor-top-column elementor-element elementor-element-8e0feea\" data-id=\"8e0feea\" data-element_type=\"column\">\n\t\t\t<div class=\"elementor-widget-wrap elementor-element-populated\">\n\t\t\t\t\t\t\t\t<section class=\"elementor-section elementor-inner-section elementor-element elementor-element-30995f5 elementor-section-boxed elementor-section-height-default elementor-section-height-default\" data-id=\"30995f5\" data-element_type=\"section\">\n\t\t\t\t\t\t<div class=\"elementor-container elementor-column-gap-no\">\n\t\t\t\t\t<div class=\"elementor-column elementor-col-100 elementor-inner-column elementor-element elementor-element-a2472e3\" data-id=\"a2472e3\" data-element_type=\"column\">\n\t\t\t<div class=\"elementor-widget-wrap elementor-element-populated\">\n\t\t\t\t\t\t\t\t<div class=\"elementor-element elementor-element-67c70aa elementor-widget elementor-widget-heading\" data-id=\"67c70aa\" data-element_type=\"widget\" data-widget_type=\"heading.default\">\n\t\t\t\t<div class=\"elementor-widget-container\">\n\t\t\t<style>\/*! elementor - v3.18.0 - 08-12-2023 *\/\n.elementor-heading-title{padding:0;margin:0;line-height:1}.elementor-widget-heading .elementor-heading-title[class*=elementor-size-]>a{color:inherit;font-size:inherit;line-height:inherit}.elementor-widget-heading .elementor-heading-title.elementor-size-small{font-size:15px}.elementor-widget-heading .elementor-heading-title.elementor-size-medium{font-size:19px}.elementor-widget-heading .elementor-heading-title.elementor-size-large{font-size:29px}.elementor-widget-heading .elementor-heading-title.elementor-size-xl{font-size:39px}.elementor-widget-heading .elementor-heading-title.elementor-size-xxl{font-size:59px}<\/style><h3 class=\"elementor-heading-title elementor-size-default\">Pol\u00edtica de Privacidad de ATLANT\u0130KA Global \u0130\u015fbirli\u011fi \u00c7\u00f6z\u00fcmleri Dan\u0131\u015fmanl\u0131k Sanayi ve Ticaret A.\u015e. en el \u00e1mbito de aplicaci\u00f3n de la Ley de Protecci\u00f3n de Datos Personales N\u00ba 6698<\/h3>\t\t<\/div>\n\t\t\t\t<\/div>\n\t\t\t\t<div class=\"elementor-element elementor-element-c293888 elementor-widget elementor-widget-text-editor\" data-id=\"c293888\" data-element_type=\"widget\" data-widget_type=\"text-editor.default\">\n\t\t\t\t<div class=\"elementor-widget-container\">\n\t\t\t<style>\/*! elementor - v3.18.0 - 08-12-2023 *\/\n.elementor-widget-text-editor.elementor-drop-cap-view-stacked .elementor-drop-cap{background-color:#69727d;color:#fff}.elementor-widget-text-editor.elementor-drop-cap-view-framed .elementor-drop-cap{color:#69727d;border:3px solid;background-color:transparent}.elementor-widget-text-editor:not(.elementor-drop-cap-view-default) .elementor-drop-cap{margin-top:8px}.elementor-widget-text-editor:not(.elementor-drop-cap-view-default) .elementor-drop-cap-letter{width:1em;height:1em}.elementor-widget-text-editor .elementor-drop-cap{float:left;text-align:center;line-height:1;font-size:50px}.elementor-widget-text-editor .elementor-drop-cap-letter{display:inline-block}<\/style>\t\t\t\t<p>Atlantika Global \u0130\u015fbirli\u011fi \u00c7\u00f6z\u00fcmleri, como responsable del tratamiento de los datos de conformidad con la Ley de Protecci\u00f3n de Datos Personales No. 6698 (&#8220;Ley&#8221;), informa sobre el tratamiento de datos personales y los derechos del interesado con la presente Pol\u00edtica de Privacidad.<\/p>\t\t\t\t\t\t<\/div>\n\t\t\t\t<\/div>\n\t\t\t\t<div class=\"elementor-element elementor-element-a54dd3c elementor-widget elementor-widget-heading\" data-id=\"a54dd3c\" data-element_type=\"widget\" data-widget_type=\"heading.default\">\n\t\t\t\t<div class=\"elementor-widget-container\">\n\t\t\t<h3 class=\"elementor-heading-title elementor-size-default\">\u00bfQu\u00e9 son los datos personales?<\/h3>\t\t<\/div>\n\t\t\t\t<\/div>\n\t\t\t\t<div class=\"elementor-element elementor-element-7c7b31a elementor-widget elementor-widget-text-editor\" data-id=\"7c7b31a\" data-element_type=\"widget\" data-widget_type=\"text-editor.default\">\n\t\t\t\t<div class=\"elementor-widget-container\">\n\t\t\t\t\t\t\t<p>Los datos personales son cualquier informaci\u00f3n que muestre las caracter\u00edsticas personales, profesionales y familiares de la persona, sea adecuada para distinguir a esa persona de otras personas y revelar sus cualidades.<\/p>\t\t\t\t\t\t<\/div>\n\t\t\t\t<\/div>\n\t\t\t\t<div class=\"elementor-element elementor-element-99d499b elementor-widget elementor-widget-heading\" data-id=\"99d499b\" data-element_type=\"widget\" data-widget_type=\"heading.default\">\n\t\t\t\t<div class=\"elementor-widget-container\">\n\t\t\t<h3 class=\"elementor-heading-title elementor-size-default\">\u00bfQu\u00e9 significa el tratamiento de datos personales?<\/h3>\t\t<\/div>\n\t\t\t\t<\/div>\n\t\t\t\t<div class=\"elementor-element elementor-element-b6a23f6 elementor-widget elementor-widget-text-editor\" data-id=\"b6a23f6\" data-element_type=\"widget\" data-widget_type=\"text-editor.default\">\n\t\t\t\t<div class=\"elementor-widget-container\">\n\t\t\t\t\t\t\t<p>El tratamiento de datos se define como un proceso que se inicia con la adquisici\u00f3n de datos personales por primera vez por medios total o parcialmente autom\u00e1ticos o no autom\u00e1ticos, siempre que forme parte de cualquier sistema de registro de datos, y cualquier tratamiento posterior<\/p>\t\t\t\t\t\t<\/div>\n\t\t\t\t<\/div>\n\t\t\t\t<div class=\"elementor-element elementor-element-6f5f177 elementor-widget elementor-widget-heading\" data-id=\"6f5f177\" data-element_type=\"widget\" data-widget_type=\"heading.default\">\n\t\t\t\t<div class=\"elementor-widget-container\">\n\t\t\t<h3 class=\"elementor-heading-title elementor-size-default\">\u00bfQui\u00e9n es el responsable del tratamiento?<\/h3>\t\t<\/div>\n\t\t\t\t<\/div>\n\t\t\t\t<div class=\"elementor-element elementor-element-441a6ee elementor-widget elementor-widget-text-editor\" data-id=\"441a6ee\" data-element_type=\"widget\" data-widget_type=\"text-editor.default\">\n\t\t\t\t<div class=\"elementor-widget-container\">\n\t\t\t\t\t\t\t<p>El responsable del tratamiento se refiere a la persona f\u00edsica o jur\u00eddica que determina los fines y medios del tratamiento de los datos personales y es responsable del establecimiento y la gesti\u00f3n del sistema de registro de datos.<\/p>\t\t\t\t\t\t<\/div>\n\t\t\t\t<\/div>\n\t\t\t\t<div class=\"elementor-element elementor-element-84aa354 elementor-widget elementor-widget-heading\" data-id=\"84aa354\" data-element_type=\"widget\" data-widget_type=\"heading.default\">\n\t\t\t\t<div class=\"elementor-widget-container\">\n\t\t\t<h3 class=\"elementor-heading-title elementor-size-default\">\u00bfCu\u00e1les son los datos tratados del interesado?<\/h3>\t\t<\/div>\n\t\t\t\t<\/div>\n\t\t\t\t<div class=\"elementor-element elementor-element-dc6154f elementor-widget elementor-widget-text-editor\" data-id=\"dc6154f\" data-element_type=\"widget\" data-widget_type=\"text-editor.default\">\n\t\t\t\t<div class=\"elementor-widget-container\">\n\t\t\t\t\t\t\t<p>Atlantika Global \u0130\u015fbirli\u011fi \u00c7\u00f6z\u00fcmleri procesa los datos personales de la persona interesada utilizando \u00fanicamente cookies funcionales en su sitio. A trav\u00e9s de estas cookies, solo se procesan la direcci\u00f3n IP y los datos personales que entran y salen del sitio web.<\/p>\t\t\t\t\t\t<\/div>\n\t\t\t\t<\/div>\n\t\t\t\t<div class=\"elementor-element elementor-element-4ff37e1 elementor-widget elementor-widget-heading\" data-id=\"4ff37e1\" data-element_type=\"widget\" data-widget_type=\"heading.default\">\n\t\t\t\t<div class=\"elementor-widget-container\">\n\t\t\t<h3 class=\"elementor-heading-title elementor-size-default\">Con qu\u00e9 finalidad se utilizan los datos personales?<\/h3>\t\t<\/div>\n\t\t\t\t<\/div>\n\t\t\t\t<div class=\"elementor-element elementor-element-6370c4d elementor-widget elementor-widget-text-editor\" data-id=\"6370c4d\" data-element_type=\"widget\" data-widget_type=\"text-editor.default\">\n\t\t\t\t<div class=\"elementor-widget-container\">\n\t\t\t\t\t\t\t<ul><li><p>Cumplimiento de las obligaciones derivadas de la legislaci\u00f3n<\/p><\/li><li><p>Ejecuci\u00f3n de Actividades de Auditor\u00eda \/ \u00c9tica<\/p><\/li><li><p>Ejecuci\u00f3n de autorizaciones de acceso<\/p><\/li><li><p>Ejecuci\u00f3n de actividades de acuerdo con la legislaci\u00f3n<\/p><\/li><li><p>Realizaci\u00f3n de actividades de auditor\u00eda interna \/ investigaci\u00f3n \/ inteligencia<\/p><\/li><li><p>Ejecuci\u00f3n de actividades de comunicaci\u00f3n<\/p><\/li><li><p>Organizaci\u00f3n y Gesti\u00f3n de Eventos<\/p><\/li><li><p>Ejecuci\u00f3n de actividades de almacenamiento y archivo<\/p><\/li><li><p>Ejecuci\u00f3n de Actividades de Planificaci\u00f3n Estrat\u00e9gica<\/p><\/li><li><p>Garantizar la seguridad de las operaciones del controlador de datos<\/p><\/li><li><p>Realizar an\u00e1lisis de eficiencia y\/o idoneidad de nuestras actividades comerciales intelectuales, planificando y\/o ejecutando dichas actividades,<\/p><\/li><li><p>Creaci\u00f3n y gesti\u00f3n de infraestructura de tecnolog\u00edas de ciberseguridad.<\/p><\/li><\/ul>\t\t\t\t\t\t<\/div>\n\t\t\t\t<\/div>\n\t\t\t\t<div class=\"elementor-element elementor-element-eb37b14 elementor-widget elementor-widget-heading\" data-id=\"eb37b14\" data-element_type=\"widget\" data-widget_type=\"heading.default\">\n\t\t\t\t<div class=\"elementor-widget-container\">\n\t\t\t<h3 class=\"elementor-heading-title elementor-size-default\">Transferencia de Datos Personales con Terceros<\/h3>\t\t<\/div>\n\t\t\t\t<\/div>\n\t\t\t\t<div class=\"elementor-element elementor-element-c1807d2 elementor-widget elementor-widget-text-editor\" data-id=\"c1807d2\" data-element_type=\"widget\" data-widget_type=\"text-editor.default\">\n\t\t\t\t<div class=\"elementor-widget-container\">\n\t\t\t\t\t\t\t<p>De acuerdo con las finalidades Seguirmente mencionadas, de conformidad con el art\u00edculo 8 de la Ley, Atlantika Global \u0130\u015fbirli\u011fi \u00c7\u00f6z\u00fcmleri podr\u00e1 compartir datos personales con los Regresars grupos de destinatarios, siempre que adopte todas las medidas necesarias;<\/p><ul><li>Filiales nacionales directas e indirectas con el fin de llevar a cabo las actividades de Atlantika Global \u0130\u015fbirli\u011fi \u00c7\u00f6z\u00fcmleri,<\/li><li>Personas f\u00edsicas y jur\u00eddicas contratadas con las actividades de Atlantika Global \u0130\u015fbirli\u011fi \u00c7\u00f6z\u00fcmleri,<\/li><li>Proveedores, subcontratistas, socios comerciales, miembros de la junta directiva<\/li><li>Instituciones u organizaciones p\u00fablicas autorizadas para solicitar datos personales, como instituciones reguladoras y supervisoras y tribunales y oficinas de aplicaci\u00f3n, y sus personas designadas.<\/li><\/ul><p>Los datos personales de los visitantes del sitio web no se comparten con grupos de compradores extranjeros.<\/p>\t\t\t\t\t\t<\/div>\n\t\t\t\t<\/div>\n\t\t\t\t<div class=\"elementor-element elementor-element-36d44d0 elementor-widget elementor-widget-heading\" data-id=\"36d44d0\" data-element_type=\"widget\" data-widget_type=\"heading.default\">\n\t\t\t\t<div class=\"elementor-widget-container\">\n\t\t\t<h3 class=\"elementor-heading-title elementor-size-default\">\u00bfCu\u00e1les son los derechos de la persona afectada?<\/h3>\t\t<\/div>\n\t\t\t\t<\/div>\n\t\t\t\t<div class=\"elementor-element elementor-element-66ba9c7 elementor-widget elementor-widget-text-editor\" data-id=\"66ba9c7\" data-element_type=\"widget\" data-widget_type=\"text-editor.default\">\n\t\t\t\t<div class=\"elementor-widget-container\">\n\t\t\t\t\t\t\t<p>La Persona Relevante, cuyos datos personales son procesados por Atlantika Global \u0130\u015fbirli\u011fi \u00c7\u00f6z\u00fcmleri, est\u00e1 sujeta al art\u00edculo 11 de la Ley No. 6698. Puede utilizar los Regresars derechos enumerados en el art\u00edculo;<\/p><ul><li>Para saber si se procesan datos personales o no,<\/li><li>Si se han tratado datos personales, solicitando informaci\u00f3n sobre los mismos,<\/li><li>Conocer la finalidad del tratamiento de los datos personales y si se utilizan de acuerdo con su finalidad,<\/li><li>Conocer los terceros a quienes se transfieren datos personales en el pa\u00eds o en el extranjero,<\/li><li>Solicitar la correcci\u00f3n de los datos personales en caso de tratamiento incompleto o incorrecto,<\/li><li>Solicitar la supresi\u00f3n o destrucci\u00f3n de los datos personales en el marco de las condiciones estipuladas en el art\u00edculo 7 de la Ley No. 6698,<\/li><li>Solicitar la notificaci\u00f3n de las transacciones realizadas de conformidad con los apartados d) y e) a terceros a los que se hayan transferido datos personales,<\/li><li>Oponerse a la ocurrencia de un resultado contra la propia persona mediante el an\u00e1lisis de los datos procesados exclusivamente a trav\u00e9s de sistemas automatizados,<\/li><li>Solicitar la reparaci\u00f3n de los da\u00f1os y perjuicios en caso de da\u00f1os debidos a un tratamiento il\u00edcito de datos personales.<\/li><\/ul><p>Debido a los cambios que puedan producirse en la ley y a los nuevos m\u00e9todos o reglamentos que pueda determinar el Consejo de Protecci\u00f3n de Datos Personales, la empresa se reserva el derecho de realizar cambios en la Pol\u00edtica de Privacidad.\u00a0<\/p>\t\t\t\t\t\t<\/div>\n\t\t\t\t<\/div>\n\t\t\t\t\t<\/div>\n\t\t<\/div>\n\t\t\t\t\t\t\t<\/div>\n\t\t<\/section>\n\t\t\t\t<div class=\"elementor-element elementor-element-06b96c0 elementor-absolute elementor-widget elementor-widget-template\" data-id=\"06b96c0\" data-element_type=\"widget\" data-settings=\"{&quot;_position&quot;:&quot;absolute&quot;}\" data-widget_type=\"template.default\">\n\t\t\t\t<div class=\"elementor-widget-container\">\n\t\t\t\t\t<div class=\"elementor-template\">\n\t\t\t\t\t<div data-elementor-type=\"section\" data-elementor-id=\"10889\" class=\"elementor elementor-10889\">\n\t\t\t\t\t\t\t\t<section class=\"elementor-section elementor-top-section elementor-element elementor-element-aff5d0f elementor-section-full_width elementor-section-height-default elementor-section-height-default\" data-id=\"aff5d0f\" data-element_type=\"section\" data-settings=\"{&quot;motion_fx_motion_fx_scrolling&quot;:&quot;yes&quot;,&quot;motion_fx_translateY_effect&quot;:&quot;yes&quot;,&quot;motion_fx_translateY_speed&quot;:{&quot;unit&quot;:&quot;px&quot;,&quot;size&quot;:1,&quot;sizes&quot;:[]},&quot;motion_fx_translateY_affectedRange&quot;:{&quot;unit&quot;:&quot;%&quot;,&quot;size&quot;:&quot;&quot;,&quot;sizes&quot;:{&quot;start&quot;:0,&quot;end&quot;:58}},&quot;motion_fx_devices&quot;:[&quot;desktop&quot;]}\">\n\t\t\t\t\t\t<div class=\"elementor-container elementor-column-gap-no\">\n\t\t\t\t\t<div class=\"elementor-column elementor-col-100 elementor-top-column elementor-element elementor-element-70019ce\" data-id=\"70019ce\" data-element_type=\"column\">\n\t\t\t<div class=\"elementor-widget-wrap elementor-element-populated\">\n\t\t\t\t\t\t\t\t<div class=\"elementor-element elementor-element-6ed649e elementor-widget__width-initial e-transform elementor-absolute elementor-widget elementor-widget-spacer\" data-id=\"6ed649e\" data-element_type=\"widget\" data-settings=\"{&quot;_transform_skewX_effect&quot;:{&quot;unit&quot;:&quot;px&quot;,&quot;size&quot;:-20,&quot;sizes&quot;:[]},&quot;_position&quot;:&quot;absolute&quot;,&quot;_transform_skewX_effect_tablet&quot;:{&quot;unit&quot;:&quot;deg&quot;,&quot;size&quot;:&quot;&quot;,&quot;sizes&quot;:[]},&quot;_transform_skewX_effect_mobile&quot;:{&quot;unit&quot;:&quot;deg&quot;,&quot;size&quot;:&quot;&quot;,&quot;sizes&quot;:[]},&quot;_transform_skewY_effect&quot;:{&quot;unit&quot;:&quot;px&quot;,&quot;size&quot;:&quot;&quot;,&quot;sizes&quot;:[]},&quot;_transform_skewY_effect_tablet&quot;:{&quot;unit&quot;:&quot;deg&quot;,&quot;size&quot;:&quot;&quot;,&quot;sizes&quot;:[]},&quot;_transform_skewY_effect_mobile&quot;:{&quot;unit&quot;:&quot;deg&quot;,&quot;size&quot;:&quot;&quot;,&quot;sizes&quot;:[]}}\" data-widget_type=\"spacer.default\">\n\t\t\t\t<div class=\"elementor-widget-container\">\n\t\t\t<style>\/*! elementor - v3.18.0 - 08-12-2023 *\/\n.elementor-column .elementor-spacer-inner{height:var(--spacer-size)}.e-con{--container-widget-width:100%}.e-con-inner>.elementor-widget-spacer,.e-con>.elementor-widget-spacer{width:var(--container-widget-width,var(--spacer-size));--align-self:var(--container-widget-align-self,initial);--flex-shrink:0}.e-con-inner>.elementor-widget-spacer>.elementor-widget-container,.e-con>.elementor-widget-spacer>.elementor-widget-container{height:100%;width:100%}.e-con-inner>.elementor-widget-spacer>.elementor-widget-container>.elementor-spacer,.e-con>.elementor-widget-spacer>.elementor-widget-container>.elementor-spacer{height:100%}.e-con-inner>.elementor-widget-spacer>.elementor-widget-container>.elementor-spacer>.elementor-spacer-inner,.e-con>.elementor-widget-spacer>.elementor-widget-container>.elementor-spacer>.elementor-spacer-inner{height:var(--container-widget-height,var(--spacer-size))}.e-con-inner>.elementor-widget-spacer.elementor-widget-empty,.e-con>.elementor-widget-spacer.elementor-widget-empty{position:relative;min-height:22px;min-width:22px}.e-con-inner>.elementor-widget-spacer.elementor-widget-empty .elementor-widget-empty-icon,.e-con>.elementor-widget-spacer.elementor-widget-empty .elementor-widget-empty-icon{position:absolute;top:0;bottom:0;left:0;right:0;margin:auto;padding:0;width:22px;height:22px}<\/style>\t\t<div class=\"elementor-spacer\">\n\t\t\t<div class=\"elementor-spacer-inner\"><\/div>\n\t\t<\/div>\n\t\t\t\t<\/div>\n\t\t\t\t<\/div>\n\t\t\t\t<div class=\"elementor-element elementor-element-c25e4d3 elementor-widget__width-initial e-transform elementor-absolute elementor-widget elementor-widget-spacer\" data-id=\"c25e4d3\" data-element_type=\"widget\" data-settings=\"{&quot;_transform_skewX_effect&quot;:{&quot;unit&quot;:&quot;px&quot;,&quot;size&quot;:-20,&quot;sizes&quot;:[]},&quot;_position&quot;:&quot;absolute&quot;,&quot;_transform_skewX_effect_tablet&quot;:{&quot;unit&quot;:&quot;deg&quot;,&quot;size&quot;:&quot;&quot;,&quot;sizes&quot;:[]},&quot;_transform_skewX_effect_mobile&quot;:{&quot;unit&quot;:&quot;deg&quot;,&quot;size&quot;:&quot;&quot;,&quot;sizes&quot;:[]},&quot;_transform_skewY_effect&quot;:{&quot;unit&quot;:&quot;px&quot;,&quot;size&quot;:&quot;&quot;,&quot;sizes&quot;:[]},&quot;_transform_skewY_effect_tablet&quot;:{&quot;unit&quot;:&quot;deg&quot;,&quot;size&quot;:&quot;&quot;,&quot;sizes&quot;:[]},&quot;_transform_skewY_effect_mobile&quot;:{&quot;unit&quot;:&quot;deg&quot;,&quot;size&quot;:&quot;&quot;,&quot;sizes&quot;:[]}}\" data-widget_type=\"spacer.default\">\n\t\t\t\t<div class=\"elementor-widget-container\">\n\t\t\t\t\t<div class=\"elementor-spacer\">\n\t\t\t<div class=\"elementor-spacer-inner\"><\/div>\n\t\t<\/div>\n\t\t\t\t<\/div>\n\t\t\t\t<\/div>\n\t\t\t\t<div class=\"elementor-element elementor-element-71e2d13 elementor-widget__width-initial e-transform elementor-absolute elementor-widget elementor-widget-spacer\" data-id=\"71e2d13\" data-element_type=\"widget\" data-settings=\"{&quot;_transform_skewX_effect&quot;:{&quot;unit&quot;:&quot;px&quot;,&quot;size&quot;:-20,&quot;sizes&quot;:[]},&quot;_position&quot;:&quot;absolute&quot;,&quot;_transform_skewX_effect_tablet&quot;:{&quot;unit&quot;:&quot;deg&quot;,&quot;size&quot;:&quot;&quot;,&quot;sizes&quot;:[]},&quot;_transform_skewX_effect_mobile&quot;:{&quot;unit&quot;:&quot;deg&quot;,&quot;size&quot;:&quot;&quot;,&quot;sizes&quot;:[]},&quot;_transform_skewY_effect&quot;:{&quot;unit&quot;:&quot;px&quot;,&quot;size&quot;:&quot;&quot;,&quot;sizes&quot;:[]},&quot;_transform_skewY_effect_tablet&quot;:{&quot;unit&quot;:&quot;deg&quot;,&quot;size&quot;:&quot;&quot;,&quot;sizes&quot;:[]},&quot;_transform_skewY_effect_mobile&quot;:{&quot;unit&quot;:&quot;deg&quot;,&quot;size&quot;:&quot;&quot;,&quot;sizes&quot;:[]}}\" data-widget_type=\"spacer.default\">\n\t\t\t\t<div class=\"elementor-widget-container\">\n\t\t\t\t\t<div class=\"elementor-spacer\">\n\t\t\t<div class=\"elementor-spacer-inner\"><\/div>\n\t\t<\/div>\n\t\t\t\t<\/div>\n\t\t\t\t<\/div>\n\t\t\t\t\t<\/div>\n\t\t<\/div>\n\t\t\t\t\t\t\t<\/div>\n\t\t<\/section>\n\t\t\t\t\t\t<\/div>\n\t\t\t\t<\/div>\n\t\t\t\t<\/div>\n\t\t\t\t<\/div>\n\t\t\t\t\t<\/div>\n\t\t<\/div>\n\t\t\t\t\t\t\t<\/div>\n\t\t<\/section>\n\t\t\t\t\t\t\t<\/div>\n\t\t","protected":false},"excerpt":{"rendered":"<p>Pol\u00edtica de Privacidad de ATLANT\u0130KA Global \u0130\u015fbirli\u011fi \u00c7\u00f6z\u00fcmleri Dan\u0131\u015fmanl\u0131k Sanayi ve Ticaret A.\u015e. en el \u00e1mbito de aplicaci\u00f3n de la Ley de Protecci\u00f3n de Datos Personales N\u00ba 6698 Atlantika Global \u0130\u015fbirli\u011fi \u00c7\u00f6z\u00fcmleri, como responsable del tratamiento de los datos de conformidad con la Ley de Protecci\u00f3n de Datos Personales No. 6698 (&#8220;Ley&#8221;), informa sobre el&#8230;<\/p>\n","protected":false},"author":1,"featured_media":0,"parent":0,"menu_order":0,"comment_status":"closed","ping_status":"open","template":"","meta":{"inline_featured_image":false,"footnotes":""},"class_list":["post-3","page","type-page","status-publish","hentry"],"_links":{"self":[{"href":"https:\/\/atlantika.com.tr\/es\/wp-json\/wp\/v2\/pages\/3","targetHints":{"allow":["GET"]}}],"collection":[{"href":"https:\/\/atlantika.com.tr\/es\/wp-json\/wp\/v2\/pages"}],"about":[{"href":"https:\/\/atlantika.com.tr\/es\/wp-json\/wp\/v2\/types\/page"}],"author":[{"embeddable":true,"href":"https:\/\/atlantika.com.tr\/es\/wp-json\/wp\/v2\/users\/1"}],"replies":[{"embeddable":true,"href":"https:\/\/atlantika.com.tr\/es\/wp-json\/wp\/v2\/comments?post=3"}],"version-history":[{"count":18,"href":"https:\/\/atlantika.com.tr\/es\/wp-json\/wp\/v2\/pages\/3\/revisions"}],"predecessor-version":[{"id":15974,"href":"https:\/\/atlantika.com.tr\/es\/wp-json\/wp\/v2\/pages\/3\/revisions\/15974"}],"wp:attachment":[{"href":"https:\/\/atlantika.com.tr\/es\/wp-json\/wp\/v2\/media?parent=3"}],"curies":[{"name":"wp","href":"https:\/\/api.w.org\/{rel}","templated":true}]}}