{"id":2585,"date":"2023-07-03T11:21:07","date_gmt":"2023-07-03T11:21:07","guid":{"rendered":"https:\/\/beratung.vamtam.com\/?page_id=2585"},"modified":"2024-05-11T20:54:09","modified_gmt":"2024-05-11T17:54:09","slug":"alicia-f-quijano-uzer","status":"publish","type":"page","link":"https:\/\/atlantika.com.tr\/es\/nuestro-equipo\/alicia-f-quijano-uzer\/","title":{"rendered":"Alicia F. Quijano Uzer"},"content":{"rendered":"\t\t<div data-elementor-type=\"wp-page\" data-elementor-id=\"2585\" class=\"elementor elementor-2585\">\n\t\t\t\t\t\t\t\t\t<section class=\"elementor-section elementor-top-section elementor-element elementor-element-b9f92a2 elementor-reverse-mobile elementor-reverse-tablet elementor-section-boxed elementor-section-height-default elementor-section-height-default\" data-id=\"b9f92a2\" data-element_type=\"section\">\n\t\t\t\t\t\t<div class=\"elementor-container elementor-column-gap-no\">\n\t\t\t\t\t<div class=\"elementor-column elementor-col-50 elementor-top-column elementor-element elementor-element-5d76f56\" data-id=\"5d76f56\" data-element_type=\"column\">\n\t\t\t<div class=\"elementor-widget-wrap elementor-element-populated\">\n\t\t\t\t\t\t\t\t<div class=\"elementor-element elementor-element-dcca80e elementor-position-right elementor-mobile-position-right elementor-view-default elementor-vertical-align-top elementor-widget elementor-widget-icon-box\" data-id=\"dcca80e\" data-element_type=\"widget\" data-widget_type=\"icon-box.default\">\n\t\t\t\t<div class=\"elementor-widget-container\">\n\t\t\t<link rel=\"stylesheet\" href=\"https:\/\/atlantika.com.tr\/es\/wp-content\/plugins\/elementor\/assets\/css\/widget-icon-box.min.css\">\t\t<div class=\"elementor-icon-box-wrapper\">\n\t\t\t\t\t\t<div class=\"elementor-icon-box-icon\">\n\t\t\t\t<span  class=\"elementor-icon elementor-animation-\">\n\t\t\t\t<i aria-hidden=\"true\" class=\"vamtamtheme- vamtam-theme-arrow-right-list\"><\/i>\t\t\t\t<\/span>\n\t\t\t<\/div>\n\t\t\t\t\t\t<div class=\"elementor-icon-box-content\">\n\t\t\t\t<div class=\"elementor-icon-box-title\">\n\t\t\t\t\t<span  >\n\t\t\t\t\t\tHabilidades Blandas\t\t\t\t\t<\/span>\n\t\t\t\t<\/div>\n\t\t\t\t\t\t\t\t\t<p class=\"elementor-icon-box-description\">\n\t\t\t\t\t\tLiderazgo, Pensamiento Estrat\u00e9gico, Comunicaci\u00f3n, Adaptabilidad\n\t\t\t\t\t<\/p>\n\t\t\t\t\t\t\t<\/div>\n\t\t<\/div>\n\t\t\t\t<\/div>\n\t\t\t\t<\/div>\n\t\t\t\t<div class=\"elementor-element elementor-element-9c9ef4c elementor-position-right elementor-mobile-position-right elementor-view-default elementor-vertical-align-top elementor-widget elementor-widget-icon-box\" data-id=\"9c9ef4c\" data-element_type=\"widget\" data-widget_type=\"icon-box.default\">\n\t\t\t\t<div class=\"elementor-widget-container\">\n\t\t\t\t\t<div class=\"elementor-icon-box-wrapper\">\n\t\t\t\t\t\t<div class=\"elementor-icon-box-icon\">\n\t\t\t\t<span  class=\"elementor-icon elementor-animation-\">\n\t\t\t\t<i aria-hidden=\"true\" class=\"vamtamtheme- vamtam-theme-arrow-right-list\"><\/i>\t\t\t\t<\/span>\n\t\t\t<\/div>\n\t\t\t\t\t\t<div class=\"elementor-icon-box-content\">\n\t\t\t\t<div class=\"elementor-icon-box-title\">\n\t\t\t\t\t<span  >\n\t\t\t\t\t\tIdiomas\t\t\t\t\t<\/span>\n\t\t\t\t<\/div>\n\t\t\t\t\t\t\t\t\t<p class=\"elementor-icon-box-description\">\n\t\t\t\t\t\tespa\u00f1ol, ingl\u00e9s, franc\u00e9s y turco\t\t\t\t\t<\/p>\n\t\t\t\t\t\t\t<\/div>\n\t\t<\/div>\n\t\t\t\t<\/div>\n\t\t\t\t<\/div>\n\t\t\t\t\t<\/div>\n\t\t<\/div>\n\t\t\t\t<div class=\"elementor-column elementor-col-50 elementor-top-column elementor-element elementor-element-e6fd104\" data-id=\"e6fd104\" data-element_type=\"column\">\n\t\t\t<div class=\"elementor-widget-wrap elementor-element-populated\">\n\t\t\t\t\t\t\t\t<section class=\"elementor-section elementor-inner-section elementor-element elementor-element-4a782ec elementor-section-full_width elementor-section-height-default elementor-section-height-default\" data-id=\"4a782ec\" data-element_type=\"section\">\n\t\t\t\t\t\t<div class=\"elementor-container elementor-column-gap-no\">\n\t\t\t\t\t<div class=\"elementor-column elementor-col-100 elementor-inner-column elementor-element elementor-element-f29d0cf\" data-id=\"f29d0cf\" data-element_type=\"column\">\n\t\t\t<div class=\"elementor-widget-wrap elementor-element-populated\">\n\t\t\t\t\t\t\t\t<div class=\"elementor-element elementor-element-98e137b elementor-widget elementor-widget-text-editor\" data-id=\"98e137b\" data-element_type=\"widget\" data-widget_type=\"text-editor.default\">\n\t\t\t\t<div class=\"elementor-widget-container\">\n\t\t\t<style>\/*! elementor - v3.18.0 - 08-12-2023 *\/\n.elementor-widget-text-editor.elementor-drop-cap-view-stacked .elementor-drop-cap{background-color:#69727d;color:#fff}.elementor-widget-text-editor.elementor-drop-cap-view-framed .elementor-drop-cap{color:#69727d;border:3px solid;background-color:transparent}.elementor-widget-text-editor:not(.elementor-drop-cap-view-default) .elementor-drop-cap{margin-top:8px}.elementor-widget-text-editor:not(.elementor-drop-cap-view-default) .elementor-drop-cap-letter{width:1em;height:1em}.elementor-widget-text-editor .elementor-drop-cap{float:left;text-align:center;line-height:1;font-size:50px}.elementor-widget-text-editor .elementor-drop-cap-letter{display:inline-block}<\/style>\t\t\t\t<p>Profesional en Finanzas y Relaciones Internacionales U. Externado de Colombia. Adem\u00e1s, complet\u00f3 un Diploma de Postgrado en Administraci\u00f3n de Empresas del Emeritus Institute of Management, en colaboraci\u00f3n con MIT Management Executive Education y Columbia Business School, y un Sprinter en Estrategias de Crecimiento de Mercado Orientadas al Cliente, del mismo instituto. Amplia experiencia en materia internacional en el S. p\u00fablico en Colombia y el exterior, se desempe\u00f1\u00f3 como Ministro Plenipotenciario de la Embajada de Colombia en Turqu\u00eda cerca de cinco a\u00f1os. En el sector privado, Alicia tiene experiencia en proyectos relacionados con defensa, seguridad, agroindustria y tecnolog\u00eda. Habilidades blandas en negociaci\u00f3n, asuntos exteriores, an\u00e1lisis de pol\u00edticas y estrat\u00e9gica.\u00a0<\/p>\t\t\t\t\t\t<\/div>\n\t\t\t\t<\/div>\n\t\t\t\t\t<\/div>\n\t\t<\/div>\n\t\t\t\t\t\t\t<\/div>\n\t\t<\/section>\n\t\t\t\t\t<\/div>\n\t\t<\/div>\n\t\t\t\t\t\t\t<\/div>\n\t\t<\/section>\n\t\t\t\t\t\t\t<\/div>\n\t\t","protected":false},"excerpt":{"rendered":"<p>Presidente \u2013 Socio Fundador<\/p>\n","protected":false},"author":1,"featured_media":14096,"parent":899,"menu_order":1,"comment_status":"closed","ping_status":"closed","template":"","meta":{"inline_featured_image":false,"footnotes":""},"class_list":["post-2585","page","type-page","status-publish","has-post-thumbnail","hentry"],"_links":{"self":[{"href":"https:\/\/atlantika.com.tr\/es\/wp-json\/wp\/v2\/pages\/2585","targetHints":{"allow":["GET"]}}],"collection":[{"href":"https:\/\/atlantika.com.tr\/es\/wp-json\/wp\/v2\/pages"}],"about":[{"href":"https:\/\/atlantika.com.tr\/es\/wp-json\/wp\/v2\/types\/page"}],"author":[{"embeddable":true,"href":"https:\/\/atlantika.com.tr\/es\/wp-json\/wp\/v2\/users\/1"}],"replies":[{"embeddable":true,"href":"https:\/\/atlantika.com.tr\/es\/wp-json\/wp\/v2\/comments?post=2585"}],"version-history":[{"count":20,"href":"https:\/\/atlantika.com.tr\/es\/wp-json\/wp\/v2\/pages\/2585\/revisions"}],"predecessor-version":[{"id":15932,"href":"https:\/\/atlantika.com.tr\/es\/wp-json\/wp\/v2\/pages\/2585\/revisions\/15932"}],"up":[{"embeddable":true,"href":"https:\/\/atlantika.com.tr\/es\/wp-json\/wp\/v2\/pages\/899"}],"wp:featuredmedia":[{"embeddable":true,"href":"https:\/\/atlantika.com.tr\/es\/wp-json\/wp\/v2\/media\/14096"}],"wp:attachment":[{"href":"https:\/\/atlantika.com.tr\/es\/wp-json\/wp\/v2\/media?parent=2585"}],"curies":[{"name":"wp","href":"https:\/\/api.w.org\/{rel}","templated":true}]}}