{"id":2582,"date":"2023-07-03T11:19:49","date_gmt":"2023-07-03T11:19:49","guid":{"rendered":"https:\/\/beratung.vamtam.com\/?page_id=2582"},"modified":"2024-05-11T20:54:21","modified_gmt":"2024-05-11T17:54:21","slug":"imran-opal","status":"publish","type":"page","link":"https:\/\/atlantika.com.tr\/es\/nuestro-equipo\/imran-opal\/","title":{"rendered":"Imran Opal"},"content":{"rendered":"\t\t<div data-elementor-type=\"wp-page\" data-elementor-id=\"2582\" class=\"elementor elementor-2582\">\n\t\t\t\t\t\t\t\t\t<section class=\"elementor-section elementor-top-section elementor-element elementor-element-168ff24 elementor-reverse-mobile elementor-reverse-tablet elementor-section-boxed elementor-section-height-default elementor-section-height-default\" data-id=\"168ff24\" data-element_type=\"section\">\n\t\t\t\t\t\t<div class=\"elementor-container elementor-column-gap-no\">\n\t\t\t\t\t<div class=\"elementor-column elementor-col-50 elementor-top-column elementor-element elementor-element-cf9961c\" data-id=\"cf9961c\" data-element_type=\"column\">\n\t\t\t<div class=\"elementor-widget-wrap elementor-element-populated\">\n\t\t\t\t\t\t\t\t<div class=\"elementor-element elementor-element-55597c7 elementor-vertical-align-top elementor-widget elementor-widget-icon-box\" data-id=\"55597c7\" data-element_type=\"widget\" data-widget_type=\"icon-box.default\">\n\t\t\t\t<div class=\"elementor-widget-container\">\n\t\t\t<link rel=\"stylesheet\" href=\"https:\/\/atlantika.com.tr\/es\/wp-content\/plugins\/elementor\/assets\/css\/widget-icon-box.min.css\">\t\t<div class=\"elementor-icon-box-wrapper\">\n\t\t\t\t\t\t<div class=\"elementor-icon-box-content\">\n\t\t\t\t<div class=\"elementor-icon-box-title\">\n\t\t\t\t\t<span  >\n\t\t\t\t\t\tHabilidades Blandas\t\t\t\t\t<\/span>\n\t\t\t\t<\/div>\n\t\t\t\t\t\t\t\t\t<p class=\"elementor-icon-box-description\">\n\t\t\t\t\t\tEsp\u00edritu Emprendedor, Comunicaci\u00f3n\nPaciencia y Determinaci\u00f3n\n\t\t\t\t\t<\/p>\n\t\t\t\t\t\t\t<\/div>\n\t\t<\/div>\n\t\t\t\t<\/div>\n\t\t\t\t<\/div>\n\t\t\t\t<div class=\"elementor-element elementor-element-4210493 elementor-vertical-align-top elementor-widget elementor-widget-icon-box\" data-id=\"4210493\" data-element_type=\"widget\" data-widget_type=\"icon-box.default\">\n\t\t\t\t<div class=\"elementor-widget-container\">\n\t\t\t\t\t<div class=\"elementor-icon-box-wrapper\">\n\t\t\t\t\t\t<div class=\"elementor-icon-box-content\">\n\t\t\t\t<div class=\"elementor-icon-box-title\">\n\t\t\t\t\t<span  >\n\t\t\t\t\t\tIdiomas\t\t\t\t\t<\/span>\n\t\t\t\t<\/div>\n\t\t\t\t\t\t\t\t\t<p class=\"elementor-icon-box-description\">\n\t\t\t\t\t\tIngl\u00e9s, turco y urdu.\t\t\t\t\t<\/p>\n\t\t\t\t\t\t\t<\/div>\n\t\t<\/div>\n\t\t\t\t<\/div>\n\t\t\t\t<\/div>\n\t\t\t\t\t<\/div>\n\t\t<\/div>\n\t\t\t\t<div class=\"elementor-column elementor-col-50 elementor-top-column elementor-element elementor-element-4cf4398\" data-id=\"4cf4398\" data-element_type=\"column\">\n\t\t\t<div class=\"elementor-widget-wrap elementor-element-populated\">\n\t\t\t\t\t\t\t\t<section class=\"elementor-section elementor-inner-section elementor-element elementor-element-136de43 elementor-section-full_width elementor-section-height-default elementor-section-height-default\" data-id=\"136de43\" data-element_type=\"section\">\n\t\t\t\t\t\t<div class=\"elementor-container elementor-column-gap-no\">\n\t\t\t\t\t<div class=\"elementor-column elementor-col-100 elementor-inner-column elementor-element elementor-element-3e3356c\" data-id=\"3e3356c\" data-element_type=\"column\">\n\t\t\t<div class=\"elementor-widget-wrap elementor-element-populated\">\n\t\t\t\t\t\t\t\t<div class=\"elementor-element elementor-element-ae4a408 elementor-widget elementor-widget-text-editor\" data-id=\"ae4a408\" data-element_type=\"widget\" data-widget_type=\"text-editor.default\">\n\t\t\t\t<div class=\"elementor-widget-container\">\n\t\t\t<style>\/*! elementor - v3.18.0 - 08-12-2023 *\/\n.elementor-widget-text-editor.elementor-drop-cap-view-stacked .elementor-drop-cap{background-color:#69727d;color:#fff}.elementor-widget-text-editor.elementor-drop-cap-view-framed .elementor-drop-cap{color:#69727d;border:3px solid;background-color:transparent}.elementor-widget-text-editor:not(.elementor-drop-cap-view-default) .elementor-drop-cap{margin-top:8px}.elementor-widget-text-editor:not(.elementor-drop-cap-view-default) .elementor-drop-cap-letter{width:1em;height:1em}.elementor-widget-text-editor .elementor-drop-cap{float:left;text-align:center;line-height:1;font-size:50px}.elementor-widget-text-editor .elementor-drop-cap-letter{display:inline-block}<\/style>\t\t\t\t<p>Imran es licenciado en Ingenier\u00eda Qu\u00edmica y posee un m\u00e1ster en Ciencias y Tecnolog\u00eda de Pol\u00edmeros por la Universidad T\u00e9cnica de Oriente Medio de T\u00fcrkiye. Con m\u00e1s de 20 a\u00f1os de experiencia internacional, Imran ha colaborado con empresas de diversas regiones del mundo en desarrollo empresarial y comercio exterior. Su experiencia se concentra en el comercio y la log\u00edstica en \u00e1mbitos como los dispositivos m\u00e9dicos, la atenci\u00f3n sanitaria, el cuidado personal, los productos qu\u00edmicos y otros equipos. Emprendedor entusiasta y organizado, Imran siempre adopta un enfoque de la comunicaci\u00f3n en el que todos salen ganando. H\u00e1bil en la negociaci\u00f3n y la resoluci\u00f3n de conflictos, demuestra paciencia y determinaci\u00f3n para alcanzar los objetivos y tareas fijados.\u00a0 Imran aporta una perspectiva multicultural a sus tareas.<\/p>\t\t\t\t\t\t<\/div>\n\t\t\t\t<\/div>\n\t\t\t\t\t<\/div>\n\t\t<\/div>\n\t\t\t\t\t\t\t<\/div>\n\t\t<\/section>\n\t\t\t\t\t<\/div>\n\t\t<\/div>\n\t\t\t\t\t\t\t<\/div>\n\t\t<\/section>\n\t\t\t\t\t\t\t<\/div>\n\t\t","protected":false},"excerpt":{"rendered":"<p>Desarrollo de Negocios- Ing.<\/p>\n","protected":false},"author":1,"featured_media":14095,"parent":899,"menu_order":3,"comment_status":"closed","ping_status":"closed","template":"","meta":{"inline_featured_image":false,"footnotes":""},"class_list":["post-2582","page","type-page","status-publish","has-post-thumbnail","hentry"],"_links":{"self":[{"href":"https:\/\/atlantika.com.tr\/es\/wp-json\/wp\/v2\/pages\/2582","targetHints":{"allow":["GET"]}}],"collection":[{"href":"https:\/\/atlantika.com.tr\/es\/wp-json\/wp\/v2\/pages"}],"about":[{"href":"https:\/\/atlantika.com.tr\/es\/wp-json\/wp\/v2\/types\/page"}],"author":[{"embeddable":true,"href":"https:\/\/atlantika.com.tr\/es\/wp-json\/wp\/v2\/users\/1"}],"replies":[{"embeddable":true,"href":"https:\/\/atlantika.com.tr\/es\/wp-json\/wp\/v2\/comments?post=2582"}],"version-history":[{"count":17,"href":"https:\/\/atlantika.com.tr\/es\/wp-json\/wp\/v2\/pages\/2582\/revisions"}],"predecessor-version":[{"id":15935,"href":"https:\/\/atlantika.com.tr\/es\/wp-json\/wp\/v2\/pages\/2582\/revisions\/15935"}],"up":[{"embeddable":true,"href":"https:\/\/atlantika.com.tr\/es\/wp-json\/wp\/v2\/pages\/899"}],"wp:featuredmedia":[{"embeddable":true,"href":"https:\/\/atlantika.com.tr\/es\/wp-json\/wp\/v2\/media\/14095"}],"wp:attachment":[{"href":"https:\/\/atlantika.com.tr\/es\/wp-json\/wp\/v2\/media?parent=2582"}],"curies":[{"name":"wp","href":"https:\/\/api.w.org\/{rel}","templated":true}]}}