{"id":14029,"date":"2024-01-31T16:31:59","date_gmt":"2024-01-31T13:31:59","guid":{"rendered":"https:\/\/atlantika.com.tr\/es\/?page_id=14029"},"modified":"2024-05-11T21:07:40","modified_gmt":"2024-05-11T18:07:40","slug":"giancarlo-cuneo-leno","status":"publish","type":"page","link":"https:\/\/atlantika.com.tr\/es\/nuestro-equipo\/giancarlo-cuneo-leno\/","title":{"rendered":"Giancarlo Cuneo Leno"},"content":{"rendered":"\t\t<div data-elementor-type=\"wp-page\" data-elementor-id=\"14029\" class=\"elementor elementor-14029\">\n\t\t\t\t\t\t\t\t\t<section class=\"elementor-section elementor-top-section elementor-element elementor-element-7cb8b21 elementor-reverse-mobile elementor-reverse-tablet elementor-section-boxed elementor-section-height-default elementor-section-height-default\" data-id=\"7cb8b21\" data-element_type=\"section\">\n\t\t\t\t\t\t<div class=\"elementor-container elementor-column-gap-no\">\n\t\t\t\t\t<div class=\"elementor-column elementor-col-50 elementor-top-column elementor-element elementor-element-a706b39\" data-id=\"a706b39\" data-element_type=\"column\">\n\t\t\t<div class=\"elementor-widget-wrap elementor-element-populated\">\n\t\t\t\t\t\t\t\t<div class=\"elementor-element elementor-element-fbe2564 elementor-vertical-align-top elementor-widget elementor-widget-icon-box\" data-id=\"fbe2564\" data-element_type=\"widget\" data-widget_type=\"icon-box.default\">\n\t\t\t\t<div class=\"elementor-widget-container\">\n\t\t\t<link rel=\"stylesheet\" href=\"https:\/\/atlantika.com.tr\/es\/wp-content\/plugins\/elementor\/assets\/css\/widget-icon-box.min.css\">\t\t<div class=\"elementor-icon-box-wrapper\">\n\t\t\t\t\t\t<div class=\"elementor-icon-box-content\">\n\t\t\t\t<div class=\"elementor-icon-box-title\">\n\t\t\t\t\t<span  >\n\t\t\t\t\t\tHabilidades Blandas\t\t\t\t\t<\/span>\n\t\t\t\t<\/div>\n\t\t\t\t\t\t\t\t\t<p class=\"elementor-icon-box-description\">\n\t\t\t\t\t\tComunicaci\u00f3n Efectiva, Diplomacia Empresarial, Colaboraci\u00f3n en Equipo\n\t\t\t\t\t<\/p>\n\t\t\t\t\t\t\t<\/div>\n\t\t<\/div>\n\t\t\t\t<\/div>\n\t\t\t\t<\/div>\n\t\t\t\t<div class=\"elementor-element elementor-element-c1cb453 elementor-vertical-align-top elementor-widget elementor-widget-icon-box\" data-id=\"c1cb453\" data-element_type=\"widget\" data-widget_type=\"icon-box.default\">\n\t\t\t\t<div class=\"elementor-widget-container\">\n\t\t\t\t\t<div class=\"elementor-icon-box-wrapper\">\n\t\t\t\t\t\t<div class=\"elementor-icon-box-content\">\n\t\t\t\t<div class=\"elementor-icon-box-title\">\n\t\t\t\t\t<span  >\n\t\t\t\t\t\tIdiomas\t\t\t\t\t<\/span>\n\t\t\t\t<\/div>\n\t\t\t\t\t\t\t\t\t<p class=\"elementor-icon-box-description\">\n\t\t\t\t\t\t espa\u00f1ol e ingl\u00e9s.\t\t\t\t\t<\/p>\n\t\t\t\t\t\t\t<\/div>\n\t\t<\/div>\n\t\t\t\t<\/div>\n\t\t\t\t<\/div>\n\t\t\t\t\t<\/div>\n\t\t<\/div>\n\t\t\t\t<div class=\"elementor-column elementor-col-50 elementor-top-column elementor-element elementor-element-cb5f45e\" data-id=\"cb5f45e\" data-element_type=\"column\">\n\t\t\t<div class=\"elementor-widget-wrap elementor-element-populated\">\n\t\t\t\t\t\t\t\t<section class=\"elementor-section elementor-inner-section elementor-element elementor-element-01b8001 elementor-section-full_width elementor-section-height-default elementor-section-height-default\" data-id=\"01b8001\" data-element_type=\"section\">\n\t\t\t\t\t\t<div class=\"elementor-container elementor-column-gap-no\">\n\t\t\t\t\t<div class=\"elementor-column elementor-col-100 elementor-inner-column elementor-element elementor-element-641c4f5\" data-id=\"641c4f5\" data-element_type=\"column\">\n\t\t\t<div class=\"elementor-widget-wrap elementor-element-populated\">\n\t\t\t\t\t\t\t\t<div class=\"elementor-element elementor-element-dc19fb9 elementor-widget elementor-widget-text-editor\" data-id=\"dc19fb9\" data-element_type=\"widget\" data-widget_type=\"text-editor.default\">\n\t\t\t\t<div class=\"elementor-widget-container\">\n\t\t\t<style>\/*! elementor - v3.18.0 - 08-12-2023 *\/\n.elementor-widget-text-editor.elementor-drop-cap-view-stacked .elementor-drop-cap{background-color:#69727d;color:#fff}.elementor-widget-text-editor.elementor-drop-cap-view-framed .elementor-drop-cap{color:#69727d;border:3px solid;background-color:transparent}.elementor-widget-text-editor:not(.elementor-drop-cap-view-default) .elementor-drop-cap{margin-top:8px}.elementor-widget-text-editor:not(.elementor-drop-cap-view-default) .elementor-drop-cap-letter{width:1em;height:1em}.elementor-widget-text-editor .elementor-drop-cap{float:left;text-align:center;line-height:1;font-size:50px}.elementor-widget-text-editor .elementor-drop-cap-letter{display:inline-block}<\/style>\t\t\t\t<p>Graduado en Administraci\u00f3n de Empresas en Universidad de Lima,\u00a0 Lima, Peru Licenciado en Administraci\u00f3n de Empresas, Universidad Aut\u00f3noma de Madrid, Madrid, Espa\u00f1a Diplomado Superior en Comercio Exterior, C\u00e1mara de Comercio e Industria de Madrid,\u00a0 Madrid, Espa\u00f1a. Giancarlo cuenta con experiencia en desarrollo y gesti\u00f3n de proyectos de infraestructura e infraestructura productiva. 25 a\u00f1os de experiencia en consultor\u00eda de negocios internacionales. Buen comunicador y comprensi\u00f3n sobre Cultura de Negocios y Diplomacia Corporativa.\u00a0<\/p><p>\u00a0<\/p>\t\t\t\t\t\t<\/div>\n\t\t\t\t<\/div>\n\t\t\t\t\t<\/div>\n\t\t<\/div>\n\t\t\t\t\t\t\t<\/div>\n\t\t<\/section>\n\t\t\t\t\t<\/div>\n\t\t<\/div>\n\t\t\t\t\t\t\t<\/div>\n\t\t<\/section>\n\t\t\t\t\t\t\t<\/div>\n\t\t","protected":false},"excerpt":{"rendered":"<p>Director para Per\u00fa<\/p>\n","protected":false},"author":1,"featured_media":14104,"parent":899,"menu_order":0,"comment_status":"closed","ping_status":"closed","template":"","meta":{"inline_featured_image":false,"footnotes":""},"class_list":["post-14029","page","type-page","status-publish","has-post-thumbnail","hentry"],"_links":{"self":[{"href":"https:\/\/atlantika.com.tr\/es\/wp-json\/wp\/v2\/pages\/14029","targetHints":{"allow":["GET"]}}],"collection":[{"href":"https:\/\/atlantika.com.tr\/es\/wp-json\/wp\/v2\/pages"}],"about":[{"href":"https:\/\/atlantika.com.tr\/es\/wp-json\/wp\/v2\/types\/page"}],"author":[{"embeddable":true,"href":"https:\/\/atlantika.com.tr\/es\/wp-json\/wp\/v2\/users\/1"}],"replies":[{"embeddable":true,"href":"https:\/\/atlantika.com.tr\/es\/wp-json\/wp\/v2\/comments?post=14029"}],"version-history":[{"count":14,"href":"https:\/\/atlantika.com.tr\/es\/wp-json\/wp\/v2\/pages\/14029\/revisions"}],"predecessor-version":[{"id":15957,"href":"https:\/\/atlantika.com.tr\/es\/wp-json\/wp\/v2\/pages\/14029\/revisions\/15957"}],"up":[{"embeddable":true,"href":"https:\/\/atlantika.com.tr\/es\/wp-json\/wp\/v2\/pages\/899"}],"wp:featuredmedia":[{"embeddable":true,"href":"https:\/\/atlantika.com.tr\/es\/wp-json\/wp\/v2\/media\/14104"}],"wp:attachment":[{"href":"https:\/\/atlantika.com.tr\/es\/wp-json\/wp\/v2\/media?parent=14029"}],"curies":[{"name":"wp","href":"https:\/\/api.w.org\/{rel}","templated":true}]}}